{"id":11467,"date":"2023-01-10T23:38:29","date_gmt":"2023-01-10T23:38:29","guid":{"rendered":"https:\/\/phozenergy.ng\/store\/?post_type=product&#038;p=4693"},"modified":"2026-01-19T17:45:23","modified_gmt":"2026-01-19T17:45:23","slug":"hikvision-cctv-indoor-camera","status":"publish","type":"product","link":"https:\/\/phozenergy.ng\/store\/product\/hikvision-cctv-indoor-camera\/","title":{"rendered":"HikVision Cctv Indoor Camera"},"content":{"rendered":"","protected":false},"excerpt":{"rendered":"<p>Image Sensor: 1MP CMOS Image Sensor<br \/>\nSignal System: PAL\/NTSC<br \/>\nEffective Pixels: 1296(H)x732(V)<br \/>\nMin. Illumination: 0.01 Lux@(F1.2, AGC ON), 0 Lux with IR<br \/>\nShutter Time: 1\/25(1\/30) s to 1\/50,000 s<br \/>\nLens Mount: M12<br \/>\nAdjustment Range: Pan: 0 &#8211; 360\u00c3, Tilt: 0 &#8211; 75\u00c3, Rotation: 0 &#8211; 360\u00c3<br \/>\nDay&#038; Night: IR cut filter with auto switch<br \/>\nVideo Frame Rate: 720p@25fps\/720p@30fps<br \/>\nHD Video Output: 1 Analog HD output<br \/>\nSynchronization: Internal Synchronization<br \/>\nS\/N Ratio: More than 62 dB<\/p>\n<p>1.0 Megapixel high-performance CMOS<br \/>\n\u00b7 Analog HD output, up to 720P resolution<br \/>\n\u00b7 True Day\/Night<br \/>\n\u00b7 DNR, Smart IR<br \/>\n\u00b7 Up to 20m IR distance<br \/>\n\u00b7 IP66 weatherproof<br \/>\n1.0 Megapixel high-performance CMOS<br \/>\n\u00b7 Analog HD output, up to 720P resolution<br \/>\n\u00b7 True Day\/Night<br \/>\n\u00b7 DNR, Smart IR<br \/>\n\u00b7 Up to 20m IR distance<br \/>\n\u00b7 IP66 weatherproof<\/p>\n","protected":false},"featured_media":11077,"comment_status":"closed","ping_status":"closed","template":"","meta":{"_links_to":"","_links_to_target":""},"product_brand":[],"product_cat":[105],"product_tag":[],"class_list":{"0":"post-11467","1":"product","2":"type-product","3":"status-publish","4":"has-post-thumbnail","6":"product_cat-cctvs","8":"first","9":"instock","10":"shipping-taxable","11":"purchasable","12":"product-type-simple"},"_links":{"self":[{"href":"https:\/\/phozenergy.ng\/store\/wp-json\/wp\/v2\/product\/11467","targetHints":{"allow":["GET"]}}],"collection":[{"href":"https:\/\/phozenergy.ng\/store\/wp-json\/wp\/v2\/product"}],"about":[{"href":"https:\/\/phozenergy.ng\/store\/wp-json\/wp\/v2\/types\/product"}],"replies":[{"embeddable":true,"href":"https:\/\/phozenergy.ng\/store\/wp-json\/wp\/v2\/comments?post=11467"}],"version-history":[{"count":1,"href":"https:\/\/phozenergy.ng\/store\/wp-json\/wp\/v2\/product\/11467\/revisions"}],"predecessor-version":[{"id":12117,"href":"https:\/\/phozenergy.ng\/store\/wp-json\/wp\/v2\/product\/11467\/revisions\/12117"}],"wp:featuredmedia":[{"embeddable":true,"href":"https:\/\/phozenergy.ng\/store\/wp-json\/wp\/v2\/media\/11077"}],"wp:attachment":[{"href":"https:\/\/phozenergy.ng\/store\/wp-json\/wp\/v2\/media?parent=11467"}],"wp:term":[{"taxonomy":"product_brand","embeddable":true,"href":"https:\/\/phozenergy.ng\/store\/wp-json\/wp\/v2\/product_brand?post=11467"},{"taxonomy":"product_cat","embeddable":true,"href":"https:\/\/phozenergy.ng\/store\/wp-json\/wp\/v2\/product_cat?post=11467"},{"taxonomy":"product_tag","embeddable":true,"href":"https:\/\/phozenergy.ng\/store\/wp-json\/wp\/v2\/product_tag?post=11467"}],"curies":[{"name":"wp","href":"https:\/\/api.w.org\/{rel}","templated":true}]}}